{"id":599,"date":"2023-10-26T07:54:23","date_gmt":"2023-10-26T07:54:23","guid":{"rendered":"https:\/\/neimax.ba\/?page_id=599"},"modified":"2023-10-26T09:49:25","modified_gmt":"2023-10-26T09:49:25","slug":"contact","status":"publish","type":"page","link":"https:\/\/neimax.ba\/de\/contact\/","title":{"rendered":"Kontakt"},"content":{"rendered":"<h1 class=\"wp-block-heading\">Sie w\u00fcnschen weitere Informationen zu unseren Produkten?<\/h1>\n\n\n\n<h2 class=\"wp-block-heading\">Kontaktiere uns!<\/h2>\n\n\n\n<div class=\"wpcf7 no-js\" id=\"wpcf7-f581-o1\" lang=\"en-US\" dir=\"ltr\">\n<div class=\"screen-reader-response\"><p role=\"status\" aria-live=\"polite\" aria-atomic=\"true\"><\/p> <ul><\/ul><\/div>\n<form action=\"\/de\/wp-json\/wp\/v2\/pages\/599#wpcf7-f581-o1\" method=\"post\" class=\"wpcf7-form init\" aria-label=\"Contact form\" novalidate=\"novalidate\" data-status=\"init\" data-trp-original-action=\"\/de\/wp-json\/wp\/v2\/pages\/599#wpcf7-f581-o1\">\n<div style=\"display: none;\">\n<input type=\"hidden\" name=\"_wpcf7\" value=\"581\" \/>\n<input type=\"hidden\" name=\"_wpcf7_version\" value=\"5.8.3\" \/>\n<input type=\"hidden\" name=\"_wpcf7_locale\" value=\"en_US\" \/>\n<input type=\"hidden\" name=\"_wpcf7_unit_tag\" value=\"wpcf7-f581-o1\" \/>\n<input type=\"hidden\" name=\"_wpcf7_container_post\" value=\"0\" \/>\n<input type=\"hidden\" name=\"_wpcf7_posted_data_hash\" value=\"\" \/>\n<\/div>\n<div class=\"form-fields\">\n\t<div class=\"form-field\">\n\t\t<p><span class=\"wpcf7-form-control-wrap\" data-name=\"your-name\"><input size=\"40\" class=\"wpcf7-form-control wpcf7-text wpcf7-validates-as-required\" autocomplete=\"name\" aria-required=\"true\" aria-invalid=\"false\" placeholder=\"Ihr Name*\" value=\"\" type=\"text\" name=\"your-name\" required \/><\/span>\n\t\t<\/p>\n\t<\/div>\n\t<div class=\"form-field\">\n\t\t<p><span class=\"wpcf7-form-control-wrap\" data-name=\"text-153\"><input size=\"40\" class=\"wpcf7-form-control wpcf7-text\" id=\"kompanija\" aria-invalid=\"false\" placeholder=\"Name der Firma\" value=\"\" type=\"text\" name=\"text-153\" \/><\/span>\n\t\t<\/p>\n\t<\/div>\n\t<div class=\"form-field\">\n\t\t<p><span class=\"wpcf7-form-control-wrap\" data-name=\"email-879\"><input size=\"40\" class=\"wpcf7-form-control wpcf7-email wpcf7-validates-as-required wpcf7-text wpcf7-validates-as-email\" aria-required=\"true\" aria-invalid=\"false\" placeholder=\"Email*\" value=\"\" type=\"email\" name=\"email-879\" required \/><\/span>\n\t\t<\/p>\n\t<\/div>\n\t<div class=\"form-field\">\n\t\t<p><span class=\"wpcf7-form-control-wrap\" data-name=\"tel-236\"><input size=\"40\" class=\"wpcf7-form-control wpcf7-tel wpcf7-validates-as-required wpcf7-text wpcf7-validates-as-tel\" id=\"telefon\" aria-required=\"true\" aria-invalid=\"false\" placeholder=\"Telefonnummer\" value=\"\" type=\"tel\" name=\"tel-236\" \/><\/span>\n\t\t<\/p>\n\t<\/div>\n\t<div class=\"form-field\">\n\t\t<p><span class=\"wpcf7-form-control-wrap\" data-name=\"your-subject\"><input size=\"40\" class=\"wpcf7-form-control wpcf7-text wpcf7-validates-as-required\" aria-required=\"true\" aria-invalid=\"false\" value=\"\" type=\"text\" name=\"your-subject\" placeholder=\"Thema*\" required \/><\/span>\n\t\t<\/p>\n\t<\/div>\n<\/div>\n<p><span class=\"wpcf7-form-control-wrap\" data-name=\"your-message\"><br \/>\n<textarea cols=\"40\" rows=\"10\" class=\"wpcf7-form-control wpcf7-textarea wpcf7-validates-as-required\" aria-required=\"true\" aria-invalid=\"false\" placeholder=\"Wie k\u00f6nnen wir Ihnen helfen?\" name=\"your-message\" style=\"height: 326px;\" spellcheck=\"false\">\n<\/textarea><\/span>\n<\/p>\n<div class=\"form-btn-container\">\n\t<div class=\"btn-primary\">\n\t\t<p><span class=\"wpcf7-form-control-wrap\" data-name=\"hcap-cf7\"><span id=\"hcap_cf7-69f855a1cd6532.84706995\" class=\"wpcf7-form-control h-captcha\" data-sitekey=\"3e6e7424-1d23-4249-bfe8-17c22d326ce7\" data-theme=\"light\" data-size=\"invisible\" data-callback=\"hCaptchaSubmit\"><\/span><\/span><input type=\"hidden\" id=\"_wpnonce\" name=\"_wpnonce\" value=\"76998c85b9\" \/><input type=\"hidden\" name=\"_wp_http_referer\" value=\"\/de\/wp-json\/wp\/v2\/pages\/599\" \/><button class=\"wp-block-button__link wp-element-button wpcf7-form-control wpcf7-submit\" type=\"submit\"> Senden <i class='fa-solid fa-arrow-right-long'><\/i><\/button>\n\t\t<\/p>\n\t<\/div>\n<\/div><div class=\"wpcf7-response-output\" aria-hidden=\"true\"><\/div>\n<input type=\"hidden\" name=\"trp-form-language\" value=\"de\"\/><\/form>\n<\/div>","protected":false},"excerpt":{"rendered":"<p>\u017delite li vi\u0161e informacija o na\u0161im proizvodima? Kontaktirajte nas!<\/p>","protected":false},"author":1,"featured_media":0,"parent":0,"menu_order":0,"comment_status":"closed","ping_status":"closed","template":"template-kontakt.php","meta":{"footnotes":""},"class_list":["post-599","page","type-page","status-publish","hentry"],"yoast_head":"<!-- This site is optimized with the Yoast SEO plugin v22.0 - https:\/\/yoast.com\/wordpress\/plugins\/seo\/ -->\n<title>Kontakt - NEIMAX d.o.o. - Tvornica valovitog kartona i kartonske ambala\u017ee<\/title>\n<meta name=\"robots\" content=\"index, follow, max-snippet:-1, max-image-preview:large, max-video-preview:-1\" \/>\n<link rel=\"canonical\" href=\"https:\/\/neimax.ba\/de\/contact\/\" \/>\n<meta property=\"og:locale\" content=\"de_DE\" \/>\n<meta property=\"og:type\" content=\"article\" \/>\n<meta property=\"og:title\" content=\"Kontakt - NEIMAX d.o.o. - Tvornica valovitog kartona i kartonske ambala\u017ee\" \/>\n<meta property=\"og:description\" content=\"\u017delite li vi\u0161e informacija o na\u0161im proizvodima? Kontaktirajte nas!\" \/>\n<meta property=\"og:url\" content=\"https:\/\/neimax.ba\/de\/contact\/\" \/>\n<meta property=\"og:site_name\" content=\"NEIMAX d.o.o. - Tvornica valovitog kartona i kartonske ambala\u017ee\" \/>\n<meta property=\"article:publisher\" content=\"https:\/\/www.facebook.com\/neimax\/\" \/>\n<meta property=\"article:modified_time\" content=\"2023-10-26T09:49:25+00:00\" \/>\n<meta name=\"twitter:card\" content=\"summary_large_image\" \/>\n<script type=\"application\/ld+json\" class=\"yoast-schema-graph\">{\"@context\":\"https:\/\/schema.org\",\"@graph\":[{\"@type\":\"WebPage\",\"@id\":\"https:\/\/neimax.ba\/contact\/\",\"url\":\"https:\/\/neimax.ba\/contact\/\",\"name\":\"Kontakt - NEIMAX d.o.o. - Tvornica valovitog kartona i kartonske ambala\u017ee\",\"isPartOf\":{\"@id\":\"https:\/\/neimax.ba\/#website\"},\"datePublished\":\"2023-10-26T07:54:23+00:00\",\"dateModified\":\"2023-10-26T09:49:25+00:00\",\"breadcrumb\":{\"@id\":\"https:\/\/neimax.ba\/contact\/#breadcrumb\"},\"inLanguage\":\"de\",\"potentialAction\":[{\"@type\":\"ReadAction\",\"target\":[\"https:\/\/neimax.ba\/contact\/\"]}]},{\"@type\":\"BreadcrumbList\",\"@id\":\"https:\/\/neimax.ba\/contact\/#breadcrumb\",\"itemListElement\":[{\"@type\":\"ListItem\",\"position\":1,\"name\":\"Home\",\"item\":\"https:\/\/neimax.ba\/\"},{\"@type\":\"ListItem\",\"position\":2,\"name\":\"Kontakt\"}]},{\"@type\":\"WebSite\",\"@id\":\"https:\/\/neimax.ba\/#website\",\"url\":\"https:\/\/neimax.ba\/\",\"name\":\"NEIMAX d.o.o. - Tvornica valovitog kartona i kartonske ambala\u017ee\",\"description\":\"Tvornica valovitog kartona i kartonske ambala\u017ee\",\"publisher\":{\"@id\":\"https:\/\/neimax.ba\/#organization\"},\"potentialAction\":[{\"@type\":\"SearchAction\",\"target\":{\"@type\":\"EntryPoint\",\"urlTemplate\":\"https:\/\/neimax.ba\/?s={search_term_string}\"},\"query-input\":\"required name=search_term_string\"}],\"inLanguage\":\"de\"},{\"@type\":\"Organization\",\"@id\":\"https:\/\/neimax.ba\/#organization\",\"name\":\"NEIMAX d.o.o. - Tvornica valovitog kartona i kartonske ambala\u017ee\",\"url\":\"https:\/\/neimax.ba\/\",\"logo\":{\"@type\":\"ImageObject\",\"inLanguage\":\"de\",\"@id\":\"https:\/\/neimax.ba\/#\/schema\/logo\/image\/\",\"url\":\"https:\/\/neimax.ba\/wp-content\/uploads\/2023\/09\/Neimax-logotip_Pozitiv.png\",\"contentUrl\":\"https:\/\/neimax.ba\/wp-content\/uploads\/2023\/09\/Neimax-logotip_Pozitiv.png\",\"width\":167,\"height\":80,\"caption\":\"NEIMAX d.o.o. - Tvornica valovitog kartona i kartonske ambala\u017ee\"},\"image\":{\"@id\":\"https:\/\/neimax.ba\/#\/schema\/logo\/image\/\"},\"sameAs\":[\"https:\/\/www.facebook.com\/neimax\/\",\"https:\/\/www.linkedin.com\/company\/neimax-d-o-o-visoko\/\"]}]}<\/script>\n<!-- \/ Yoast SEO plugin. -->","yoast_head_json":{"title":"Kontakt - NEIMAX d.o.o. - Tvornica valovitog kartona i kartonske ambala\u017ee","robots":{"index":"index","follow":"follow","max-snippet":"max-snippet:-1","max-image-preview":"max-image-preview:large","max-video-preview":"max-video-preview:-1"},"canonical":"https:\/\/neimax.ba\/de\/contact\/","og_locale":"de_DE","og_type":"article","og_title":"Kontakt - NEIMAX d.o.o. - Tvornica valovitog kartona i kartonske ambala\u017ee","og_description":"\u017delite li vi\u0161e informacija o na\u0161im proizvodima? Kontaktirajte nas!","og_url":"https:\/\/neimax.ba\/de\/contact\/","og_site_name":"NEIMAX d.o.o. - Tvornica valovitog kartona i kartonske ambala\u017ee","article_publisher":"https:\/\/www.facebook.com\/neimax\/","article_modified_time":"2023-10-26T09:49:25+00:00","twitter_card":"summary_large_image","schema":{"@context":"https:\/\/schema.org","@graph":[{"@type":"WebPage","@id":"https:\/\/neimax.ba\/contact\/","url":"https:\/\/neimax.ba\/contact\/","name":"Kontakt - NEIMAX d.o.o. - Tvornica valovitog kartona i kartonske ambala\u017ee","isPartOf":{"@id":"https:\/\/neimax.ba\/#website"},"datePublished":"2023-10-26T07:54:23+00:00","dateModified":"2023-10-26T09:49:25+00:00","breadcrumb":{"@id":"https:\/\/neimax.ba\/contact\/#breadcrumb"},"inLanguage":"de","potentialAction":[{"@type":"ReadAction","target":["https:\/\/neimax.ba\/contact\/"]}]},{"@type":"BreadcrumbList","@id":"https:\/\/neimax.ba\/contact\/#breadcrumb","itemListElement":[{"@type":"ListItem","position":1,"name":"Home","item":"https:\/\/neimax.ba\/"},{"@type":"ListItem","position":2,"name":"Kontakt"}]},{"@type":"WebSite","@id":"https:\/\/neimax.ba\/#website","url":"https:\/\/neimax.ba\/","name":"NEIMAX d.o.o. - Tvornica valovitog kartona i kartonske ambala\u017ee","description":"Tvornica valovitog kartona i kartonske ambala\u017ee","publisher":{"@id":"https:\/\/neimax.ba\/#organization"},"potentialAction":[{"@type":"SearchAction","target":{"@type":"EntryPoint","urlTemplate":"https:\/\/neimax.ba\/?s={search_term_string}"},"query-input":"required name=search_term_string"}],"inLanguage":"de"},{"@type":"Organization","@id":"https:\/\/neimax.ba\/#organization","name":"NEIMAX d.o.o. - Tvornica valovitog kartona i kartonske ambala\u017ee","url":"https:\/\/neimax.ba\/","logo":{"@type":"ImageObject","inLanguage":"de","@id":"https:\/\/neimax.ba\/#\/schema\/logo\/image\/","url":"https:\/\/neimax.ba\/wp-content\/uploads\/2023\/09\/Neimax-logotip_Pozitiv.png","contentUrl":"https:\/\/neimax.ba\/wp-content\/uploads\/2023\/09\/Neimax-logotip_Pozitiv.png","width":167,"height":80,"caption":"NEIMAX d.o.o. - Tvornica valovitog kartona i kartonske ambala\u017ee"},"image":{"@id":"https:\/\/neimax.ba\/#\/schema\/logo\/image\/"},"sameAs":["https:\/\/www.facebook.com\/neimax\/","https:\/\/www.linkedin.com\/company\/neimax-d-o-o-visoko\/"]}]}},"_links":{"self":[{"href":"https:\/\/neimax.ba\/de\/wp-json\/wp\/v2\/pages\/599","targetHints":{"allow":["GET"]}}],"collection":[{"href":"https:\/\/neimax.ba\/de\/wp-json\/wp\/v2\/pages"}],"about":[{"href":"https:\/\/neimax.ba\/de\/wp-json\/wp\/v2\/types\/page"}],"author":[{"embeddable":true,"href":"https:\/\/neimax.ba\/de\/wp-json\/wp\/v2\/users\/1"}],"replies":[{"embeddable":true,"href":"https:\/\/neimax.ba\/de\/wp-json\/wp\/v2\/comments?post=599"}],"version-history":[{"count":3,"href":"https:\/\/neimax.ba\/de\/wp-json\/wp\/v2\/pages\/599\/revisions"}],"predecessor-version":[{"id":603,"href":"https:\/\/neimax.ba\/de\/wp-json\/wp\/v2\/pages\/599\/revisions\/603"}],"wp:attachment":[{"href":"https:\/\/neimax.ba\/de\/wp-json\/wp\/v2\/media?parent=599"}],"curies":[{"name":"wp","href":"https:\/\/api.w.org\/{rel}","templated":true}]}}