{"id":9,"date":"2023-09-23T12:01:15","date_gmt":"2023-09-23T12:01:15","guid":{"rendered":"https:\/\/neimax.ba\/?page_id=9"},"modified":"2023-11-21T14:14:36","modified_gmt":"2023-11-21T14:14:36","slug":"pocetna","status":"publish","type":"page","link":"https:\/\/neimax.ba\/de\/","title":{"rendered":"STARTSEITE"},"content":{"rendered":"<div class=\"wp-block-cover alignfull is-light front-page-header\"><span aria-hidden=\"true\" class=\"wp-block-cover__background has-background-dim-0 has-background-dim\"><\/span><img decoding=\"async\" width=\"1920\" height=\"1080\" class=\"wp-block-cover__image-background wp-image-613\" alt=\"NEIMAX d.o.o. - Tvornica valovitog kartona i kartonske ambala\u017ee\" src=\"https:\/\/neimax.ba\/wp-content\/uploads\/2023\/10\/Neimax_homepage.jpg\" data-object-fit=\"cover\" srcset=\"https:\/\/neimax.ba\/wp-content\/uploads\/2023\/10\/Neimax_homepage.jpg 1920w, https:\/\/neimax.ba\/wp-content\/uploads\/2023\/10\/Neimax_homepage-300x169.jpg 300w, https:\/\/neimax.ba\/wp-content\/uploads\/2023\/10\/Neimax_homepage-1024x576.jpg 1024w, https:\/\/neimax.ba\/wp-content\/uploads\/2023\/10\/Neimax_homepage-768x432.jpg 768w, https:\/\/neimax.ba\/wp-content\/uploads\/2023\/10\/Neimax_homepage-1536x864.jpg 1536w\" sizes=\"(max-width: 1920px) 100vw, 1920px\" \/><div class=\"wp-block-cover__inner-container is-layout-flow wp-block-cover-is-layout-flow\">\n<div class=\"wp-block-columns alignwide is-layout-flex wp-container-core-columns-is-layout-9d6595d7 wp-block-columns-is-layout-flex\">\n<div class=\"wp-block-column is-layout-flow wp-block-column-is-layout-flow\" style=\"flex-basis:45%\">\n<div style=\"height:66rem\" aria-hidden=\"true\" class=\"wp-block-spacer\"><\/div>\n\n\n\n<h2 class=\"wp-block-heading has-text-color\" style=\"color:#004e38\">Nat\u00fcrliche und recycelte Materialien f\u00fcr ein nachhaltiges \u00d6kosystem<\/h2>\n<\/div>\n\n\n\n<div class=\"wp-block-column is-layout-flow wp-block-column-is-layout-flow\">\n<div class=\"wp-block-columns is-layout-flex wp-container-core-columns-is-layout-9d6595d7 wp-block-columns-is-layout-flex\">\n<div class=\"wp-block-column is-layout-flow wp-block-column-is-layout-flow\" style=\"flex-basis:66.66%\"><\/div>\n\n\n\n<div class=\"wp-block-column is-layout-flow wp-block-column-is-layout-flow\" style=\"flex-basis:33.33%\">\n<p class=\"has-text-align-center scroll-btn has-white-color has-text-color\">Scroll <i class=\"fa-solid fa-arrow-down-long\"><\/i> <\/p>\n<\/div>\n<\/div>\n<\/div>\n<\/div>\n<\/div><\/div>\n\n\n\n<h2 class=\"wp-block-heading has-text-align-center heading-sm big-sc-none\">Nat\u00fcrliche und recycelte Materialien f\u00fcr ein nachhaltiges \u00d6kosystem<\/h2>\n\n\n\n<div class=\"wp-block-columns home-onama is-layout-flex wp-container-core-columns-is-layout-9d6595d7 wp-block-columns-is-layout-flex\">\n<div class=\"wp-block-column is-layout-flow wp-block-column-is-layout-flow\" style=\"flex-basis:25%\"><\/div>\n\n\n\n<div class=\"wp-block-column is-layout-flow wp-block-column-is-layout-flow\" style=\"flex-basis:52%\">\n<div class=\"wp-block-columns is-layout-flex wp-container-core-columns-is-layout-9d6595d7 wp-block-columns-is-layout-flex\">\n<div class=\"wp-block-column is-layout-flow wp-block-column-is-layout-flow\" style=\"flex-basis:33.33%\">\n<h2 class=\"wp-block-heading\">\u00dcber uns<\/h2>\n<\/div>\n\n\n\n<div class=\"wp-block-column is-layout-flow wp-block-column-is-layout-flow\" style=\"flex-basis:66.66%\">\n<p>Heute sind wir ein Unternehmen, das sich voll und ganz seinen Kunden und Mitarbeitern widmet. Jeden Tag ergreifen wir Ma\u00dfnahmen, die dazu beitragen, unsere Wettbewerbsf\u00e4higkeit und Kompetenz im Gesch\u00e4ftsverkehr mit unseren Kunden zu steigern. <\/p>\n\n\n\n<p>Wir sind bestrebt, unseren Mitarbeitern Arbeitsbedingungen zu bieten, die es ihnen erm\u00f6glichen, mit einem L\u00e4cheln zur Arbeit zu kommen, sich zu entwickeln und ein qualitativ hochwertiges Leben zu f\u00fchren.<\/p>\n\n\n\n<p> Die meisten Mitarbeiter arbeiten seit mehr als 10 Jahren und sind ein Beweis f\u00fcr unser Engagement f\u00fcr die Mitarbeiter.<\/p>\n<\/div>\n<\/div>\n<\/div>\n\n\n\n<div class=\"wp-block-column is-layout-flow wp-block-column-is-layout-flow\" style=\"flex-basis:23%\"><\/div>\n<\/div>\n\n\n\n<div style=\"height:6rem\" aria-hidden=\"true\" class=\"wp-block-spacer\"><\/div>\n\n\n\n<div class=\"wp-block-columns is-layout-flex wp-container-core-columns-is-layout-9d6595d7 wp-block-columns-is-layout-flex\">\n<div class=\"wp-block-column is-layout-flow wp-block-column-is-layout-flow\" style=\"flex-basis:25%\"><\/div>\n\n\n\n<div class=\"wp-block-column is-layout-flow wp-block-column-is-layout-flow\" style=\"flex-basis:50%\">\n<div class=\"wp-block-columns is-layout-flex wp-container-core-columns-is-layout-9d6595d7 wp-block-columns-is-layout-flex\">\n<div class=\"wp-block-column is-layout-flow wp-block-column-is-layout-flow\" style=\"flex-basis:33.33%\"><\/div>\n\n\n\n<div class=\"wp-block-column is-layout-flow wp-block-column-is-layout-flow\" style=\"flex-basis:66.66%\">\n<div class=\"wp-block-buttons is-content-justification-left is-layout-flex wp-container-core-buttons-is-layout-fdcfc74e wp-block-buttons-is-layout-flex\">\n<div class=\"wp-block-button btn-primary\"><a class=\"wp-block-button__link wp-element-button\" href=\"https:\/\/neimax.ba\/de\/o-nama\/\">ERFAHREN SIE MEHR <i class=\"fa-solid fa-arrow-right-long\"><\/i> <\/a><\/div>\n<\/div>\n<\/div>\n<\/div>\n<\/div>\n\n\n\n<div class=\"wp-block-column is-layout-flow wp-block-column-is-layout-flow\" style=\"flex-basis:25%\"><\/div>\n<\/div>\n\n\n\n<div style=\"height:8.5rem\" aria-hidden=\"true\" class=\"wp-block-spacer\"><\/div>\n\n\n<style type=\"text\/css\">\r\n    #lgx_lsw_preloader_62 {\r\n        display: flex;\r\n        align-items: center;\r\n        justify-content: center;\r\n        text-align: center;\r\n        background: #ffffff;\r\n        z-index: 9999;\r\n        position: absolute;\r\n        left: 0;\r\n        top: 0;\r\n        height: 100%;\r\n        width: 100%;\r\n    }\r\n<\/style><div id=\"lgx_parallax_app_62\" class=\"lgx_parallax_app\">\r\n\r\n    <div id=\"lgx_lsw_preloader_62\"\" class=\"lgx_lsw_preloader\"> <img decoding=\"async\" src=\"https:\/\/neimax.ba\/wp-content\/plugins\/parallax-scroll-wp\/public\/assets\/img\/loader.gif\" \/><\/div>\r\n    <div id=\"lgx_parallax_62511\" \r\n        class=\"lgx_parallax   lgx_parallax_free\"  >\r\n        <div class=\"lgx_parallax_app_inner lgx_app_layout_css\">\r\n            <div class=\"lgx_parallax_app_container-fluid\">  \r\n                <div id=\"lgx_parallax_app_content_wrap_62456\" \r\n                    class=\"lgx_parallax_app_content_wrapper\" > \r\n                    \r\n                                        \r\n\r\n                <\/div> <!-- \/\/.CONTENT WRAP END-->\r\n            <\/div><!--\/\/.APP CONTAINER END-->\r\n        <\/div> <!--\/\/.INNER END-->\r\n    <\/div> <!-- APP CONTAINER END -->\r\n\r\n<\/div> <!--\/\/.APP END-->\n\n\n\n<div style=\"height:17.5rem\" aria-hidden=\"true\" class=\"wp-block-spacer sm-d-none\"><\/div>\n\n\n\n<div class=\"wp-block-columns no-gap is-layout-flex wp-container-core-columns-is-layout-9d6595d7 wp-block-columns-is-layout-flex\">\n<div class=\"wp-block-column is-layout-flow wp-block-column-is-layout-flow\" style=\"flex-basis:20%\"><\/div>\n\n\n\n<div class=\"wp-block-column is-layout-flow wp-block-column-is-layout-flow\" style=\"flex-basis:72%\">\n<div class=\"wp-block-columns no-gap is-layout-flex wp-container-core-columns-is-layout-9d6595d7 wp-block-columns-is-layout-flex\">\n<div class=\"wp-block-column nasi-proizvodi has-background is-layout-flow wp-block-column-is-layout-flow\" style=\"background-color:#d69b7d\">\n<h2 class=\"wp-block-heading has-text-align-left has-white-color has-text-color\">UNSERE<\/h2>\n\n\n\n<h2 class=\"wp-block-heading has-text-align-left has-white-color has-text-color\">PRODUKTE<\/h2>\n<\/div>\n\n\n\n<div class=\"wp-block-column lista-proizvoda is-layout-flow wp-block-column-is-layout-flow\">\n<ul class=\"wp-block-list\">\n<li>Wellpappe<\/li>\n\n\n\n<li>Kartons<\/li>\n\n\n\n<li>F\u00fcllungen aus Pappe<\/li>\n\n\n\n<li class=\"catalog-btn\"><a href=\"https:\/\/neimax.ba\/wp-content\/uploads\/2023\/11\/FEFCO-Code_WEBprotected.pdf\" target=\"_blank\" rel=\"noreferrer noopener\">FEFCO-Katalog<\/a><\/li>\n<\/ul>\n\n\n\n<div style=\"height:4rem\" aria-hidden=\"true\" class=\"wp-block-spacer\"><\/div>\n\n\n\n<div class=\"wp-block-buttons is-content-justification-right is-layout-flex wp-container-core-buttons-is-layout-765c4724 wp-block-buttons-is-layout-flex\">\n<div class=\"wp-block-button btn-primary\"><a class=\"wp-block-button__link wp-element-button\" href=\"https:\/\/neimax.ba\/de\/o-nama\/\">ERFAHREN SIE MEHR <i class=\"fa-solid fa-arrow-right-long\"><\/i> <\/a><\/div>\n<\/div>\n\n\n\n<div style=\"height:9rem\" aria-hidden=\"true\" class=\"wp-block-spacer sm-d-none\"><\/div>\n<\/div>\n<\/div>\n<\/div>\n\n\n\n<div class=\"wp-block-column is-layout-flow wp-block-column-is-layout-flow\" style=\"flex-basis:20%\"><\/div>\n<\/div>\n\n\n\n<div style=\"height:17.5rem\" aria-hidden=\"true\" class=\"wp-block-spacer sm-d-none\"><\/div>\n\n\n\n<div class=\"wp-block-cover is-light fotografije-cover\"><span aria-hidden=\"true\" class=\"wp-block-cover__background has-background-dim-0 has-background-dim\"><\/span><img decoding=\"async\" width=\"1920\" height=\"1080\" class=\"wp-block-cover__image-background wp-image-615\" alt=\"Neimax galerija\" src=\"https:\/\/neimax.ba\/wp-content\/uploads\/2023\/10\/Neimax_homepage_Galerija.jpg\" data-object-fit=\"cover\" srcset=\"https:\/\/neimax.ba\/wp-content\/uploads\/2023\/10\/Neimax_homepage_Galerija.jpg 1920w, https:\/\/neimax.ba\/wp-content\/uploads\/2023\/10\/Neimax_homepage_Galerija-300x169.jpg 300w, https:\/\/neimax.ba\/wp-content\/uploads\/2023\/10\/Neimax_homepage_Galerija-1024x576.jpg 1024w, https:\/\/neimax.ba\/wp-content\/uploads\/2023\/10\/Neimax_homepage_Galerija-768x432.jpg 768w, https:\/\/neimax.ba\/wp-content\/uploads\/2023\/10\/Neimax_homepage_Galerija-1536x864.jpg 1536w\" sizes=\"(max-width: 1920px) 100vw, 1920px\" \/><div class=\"wp-block-cover__inner-container is-layout-constrained wp-block-cover-is-layout-constrained\">\n<div class=\"wp-block-buttons btn-secondary is-content-justification-center is-layout-flex wp-container-core-buttons-is-layout-16018d1d wp-block-buttons-is-layout-flex\">\n<div class=\"wp-block-button has-custom-font-size gallery-btn\" style=\"font-size:2.4rem;font-style:normal;font-weight:700\"><a class=\"wp-block-button__link wp-element-button\">Lerne uns kennen <br> durch Fotos<\/a><\/div>\n<\/div>\n<\/div><\/div>\n\n\n\n<figure class=\"wp-block-gallery has-nested-images columns-default is-cropped wp-block-gallery-1 is-layout-flex wp-block-gallery-is-layout-flex\">\n<figure class=\"wp-block-image size-full\"><img decoding=\"async\" width=\"1024\" height=\"717\" data-id=\"1149\" src=\"https:\/\/neimax.ba\/wp-content\/uploads\/2023\/11\/Mask-Group-23-2-1024x717-1.png\" alt=\"Skladi\u0161te gotovih proizvoda\" class=\"wp-image-1149\" srcset=\"https:\/\/neimax.ba\/wp-content\/uploads\/2023\/11\/Mask-Group-23-2-1024x717-1.png 1024w, https:\/\/neimax.ba\/wp-content\/uploads\/2023\/11\/Mask-Group-23-2-1024x717-1-300x210.png 300w, https:\/\/neimax.ba\/wp-content\/uploads\/2023\/11\/Mask-Group-23-2-1024x717-1-768x538.png 768w, https:\/\/neimax.ba\/wp-content\/uploads\/2023\/11\/Mask-Group-23-2-1024x717-1-18x12.png 18w\" sizes=\"(max-width: 1024px) 100vw, 1024px\" \/><figcaption class=\"wp-element-caption\">Skladi\u0161te gotovih proizvoda<\/figcaption><\/figure>\n\n\n\n<figure class=\"wp-block-image size-medium\"><img decoding=\"async\" width=\"300\" height=\"210\" data-id=\"1151\" src=\"https:\/\/neimax.ba\/wp-content\/uploads\/2023\/11\/Mask-Group-23-1-300x210.jpg\" alt=\"Svi na\u0161i vilju\u0161kari su na elektro pogon\" class=\"wp-image-1151\" srcset=\"https:\/\/neimax.ba\/wp-content\/uploads\/2023\/11\/Mask-Group-23-1-300x210.jpg 300w, https:\/\/neimax.ba\/wp-content\/uploads\/2023\/11\/Mask-Group-23-1-1024x717.jpg 1024w, https:\/\/neimax.ba\/wp-content\/uploads\/2023\/11\/Mask-Group-23-1-768x538.jpg 768w, https:\/\/neimax.ba\/wp-content\/uploads\/2023\/11\/Mask-Group-23-1-18x12.jpg 18w, https:\/\/neimax.ba\/wp-content\/uploads\/2023\/11\/Mask-Group-23-1.jpg 1400w\" sizes=\"(max-width: 300px) 100vw, 300px\" \/><figcaption class=\"wp-element-caption\">Svi na\u0161i vilju\u0161kari su na elektro pogon<\/figcaption><\/figure>\n\n\n\n<figure class=\"wp-block-image size-medium\"><img decoding=\"async\" width=\"218\" height=\"300\" data-id=\"286\" src=\"https:\/\/neimax.ba\/wp-content\/uploads\/2023\/09\/Mask-Group-23-218x300.png\" alt=\"\" class=\"wp-image-286\" srcset=\"https:\/\/neimax.ba\/wp-content\/uploads\/2023\/09\/Mask-Group-23-218x300.png 218w, https:\/\/neimax.ba\/wp-content\/uploads\/2023\/09\/Mask-Group-23.png 712w\" sizes=\"(max-width: 218px) 100vw, 218px\" \/><figcaption class=\"wp-element-caption\">Karton<\/figcaption><\/figure>\n\n\n\n<figure class=\"wp-block-image size-medium\"><img decoding=\"async\" width=\"200\" height=\"300\" data-id=\"693\" src=\"https:\/\/neimax.ba\/wp-content\/uploads\/2023\/10\/Neimax-Kvalitet-prerade_2-200x300.jpg\" alt=\"\" class=\"wp-image-693\" srcset=\"https:\/\/neimax.ba\/wp-content\/uploads\/2023\/10\/Neimax-Kvalitet-prerade_2-200x300.jpg 200w, https:\/\/neimax.ba\/wp-content\/uploads\/2023\/10\/Neimax-Kvalitet-prerade_2.jpg 465w\" sizes=\"(max-width: 200px) 100vw, 200px\" \/><\/figure>\n\n\n\n<figure class=\"wp-block-image size-medium\"><img decoding=\"async\" width=\"202\" height=\"300\" data-id=\"692\" src=\"https:\/\/neimax.ba\/wp-content\/uploads\/2023\/10\/Neimax-Kvalitet-prerade_1-202x300.jpg\" alt=\"Neimax-Kvalitet-prerade_1\" class=\"wp-image-692\" srcset=\"https:\/\/neimax.ba\/wp-content\/uploads\/2023\/10\/Neimax-Kvalitet-prerade_1-202x300.jpg 202w, https:\/\/neimax.ba\/wp-content\/uploads\/2023\/10\/Neimax-Kvalitet-prerade_1.jpg 470w\" sizes=\"(max-width: 202px) 100vw, 202px\" \/><\/figure>\n\n\n\n<figure class=\"wp-block-image size-medium\"><img decoding=\"async\" width=\"300\" height=\"200\" data-id=\"687\" src=\"https:\/\/neimax.ba\/wp-content\/uploads\/2023\/10\/Neimax-Kvalitet-dizajna-300x200.jpg\" alt=\"Neimax-Kvalitet-dizajna\" class=\"wp-image-687\" srcset=\"https:\/\/neimax.ba\/wp-content\/uploads\/2023\/10\/Neimax-Kvalitet-dizajna-300x200.jpg 300w, https:\/\/neimax.ba\/wp-content\/uploads\/2023\/10\/Neimax-Kvalitet-dizajna-768x513.jpg 768w, https:\/\/neimax.ba\/wp-content\/uploads\/2023\/10\/Neimax-Kvalitet-dizajna.jpg 950w\" sizes=\"(max-width: 300px) 100vw, 300px\" \/><\/figure>\n<\/figure>\n\n\n\n<div id=\"custom-lightbox\" class=\"lightbox\" style=\"display: none\">\n  <!-- Slider main container -->\n  <div class=\"swiper\">\n    <!-- Additional required wrapper -->\n    <div class=\"swiper-wrapper\">\n      <!-- Slides -->\n    <\/div>\n\n    <!-- If we need navigation buttons -->\n    <div class=\"swiper-button-prev\"><\/div>\n    <div class=\"swiper-button-next\"><\/div>\n\n    <!-- If we need scrollbar -->\n    <div class=\"swiper-scrollbar\"><\/div>\n  <\/div>\n\n  <div class=\"gallery-info\">\n    <!-- Close button -->\n    <span class=\"close-button\">&times;<\/span>\n    <!-- Logo -->\n    <img decoding=\"async\"\n      src=\"\/wp-content\/themes\/neimax\/assets\/img\/logo.png\"\n      alt=\"gallery-logo\"\n      class=\"gallery-logo\"\n    \/>\n    <!-- Lightbox count -->\n    <p id=\"lightbox-count\" class=\"lightbox-count\"><\/p>\n    <!-- Lightbox caption -->\n    <span id=\"lightbox-caption\" class=\"lightbox-caption\"><\/span>\n    <!-- Copyright -->\n    <div class=\"copyright\">\n      <img decoding=\"async\"\n        src=\"\/wp-content\/themes\/neimax\/assets\/img\/copyright.svg\"\n        alt=\"copyright-sign\"\n        class=\"copyright-sign\"\n      \/>\n      <p class=\"copyright-text\">\n        Alle Fotos in dieser Galerie und auf der Website sind gesch\u00fctzt\n         Urheberrechte \u00a9. Die Verwendung von Fotos ist ohne schriftliche Genehmigung nicht gestattet\n         Neimax d.o.o. Visoko.\n      <\/p>\n    <\/div>\n  <\/div>\n\n  <div class=\"sm-gallery big-sc-none\" id=\"sm-gallery\">\n\n    <div class=\"gallery-top\" id=\"top3\">\n      <div class=\"hamburger\" id=\"hamburger\">\n        <i class=\"fa-solid fa-bars\"><\/i>\n       <p>Galerie<\/p>\n      <\/div>\n      \n      <span class=\"close-button2\">\u00d7<\/span>\n    <\/div>\n    <div class=\"small-devices-only\" id=\"sm-gallery\">\n      \n    <\/div>\n<div class=\"gallery-footer\">\n<img decoding=\"async\"\n        src=\"\/wp-content\/themes\/neimax\/assets\/img\/copyright-white.svg\"\n        alt=\"copyright-sign\"\n        class=\"copyright-sign\"\n      \/>\n <p class=\"copyright-text\">\n        Alle Fotos in dieser Galerie und auf der Website sind gesch\u00fctzt\n         Urheberrechte \u00a9. Die Verwendung von Fotos ist ohne schriftliche Genehmigung nicht gestattet\n         Neimax d.o.o. Visoko.\n      <\/p>\n<\/div>\n\n<footer id=\"colophon\" class=\"site-footer\">\n\t\t<div class=\"site-info\">\n\t\t\t<span class=\"sep\"> &copy; <?php echo date('Y'); ?> Neimax. Sva prava pridr\u017eana. <\/span>\n\t\t\t<div class=\"to-top\" >\n\t\t\t<a class=\"back-to-top2\" id=\"back-to-top2\">\n\t\t\t\t<img decoding=\"async\" src=\"\/wp-content\/themes\/neimax\/assets\/img\/toTop.svg\" alt=\"nazad na vrh\">\n\t\t\t<\/a>\n\t\t\t<\/div>\n\t\t<\/div><!-- .site-info -->\n\t<\/footer><!-- #colophon -->\n\n\n  <\/div>\n\n   \n\n<\/div>","protected":false},"excerpt":{"rendered":"<p>Prirodnim i recikliranim materijalima do odr\u017eivog ekosistema O nama Danas smo firma koja je potpuno posve\u0107ena svojim kupcima i zaposlenicima. Svakodnevno poduzimamo akcije koje doprinose pove\u0107anju na\u0161e konkurentnosti i kompetentnosti u poslovanju s na\u0161im kupcima. Na\u0161im zaposlenicima nastojimo obezbijediti uslove rada koji im omogu\u0107avaju da s osmijehom dolaze na posao, razvijaju se i \u017eive kvalitetan [&hellip;]<\/p>","protected":false},"author":1,"featured_media":0,"parent":0,"menu_order":0,"comment_status":"closed","ping_status":"closed","template":"","meta":{"footnotes":""},"class_list":["post-9","page","type-page","status-publish","hentry"],"yoast_head":"<!-- This site is optimized with the Yoast SEO plugin v22.0 - https:\/\/yoast.com\/wordpress\/plugins\/seo\/ -->\n<title>PO\u010cETNA - NEIMAX d.o.o. - Tvornica valovitog kartona i kartonske ambala\u017ee<\/title>\n<meta name=\"description\" content=\"Neimax d.o.o. Visoko je porodi\u010dna firma, osnovana u aprilu 1991. godine i posluje kao Dru\u0161tvo sa ograni\u010denom odgovorno\u0161\u0107u za unutra\u0161nju i vanjsku trgovinu, proizvodnju i transport i usluge.\" \/>\n<meta name=\"robots\" content=\"index, follow, max-snippet:-1, max-image-preview:large, max-video-preview:-1\" \/>\n<link rel=\"canonical\" href=\"https:\/\/neimax.ba\/de\/\" \/>\n<meta property=\"og:locale\" content=\"de_DE\" \/>\n<meta property=\"og:type\" content=\"article\" \/>\n<meta property=\"og:title\" content=\"PO\u010cETNA - NEIMAX d.o.o. - Tvornica valovitog kartona i kartonske ambala\u017ee\" \/>\n<meta property=\"og:description\" content=\"Neimax d.o.o. Visoko je porodi\u010dna firma, osnovana u aprilu 1991. godine i posluje kao Dru\u0161tvo sa ograni\u010denom odgovorno\u0161\u0107u za unutra\u0161nju i vanjsku trgovinu, proizvodnju i transport i usluge.\" \/>\n<meta property=\"og:url\" content=\"https:\/\/neimax.ba\/de\/\" \/>\n<meta property=\"og:site_name\" content=\"NEIMAX d.o.o. - Tvornica valovitog kartona i kartonske ambala\u017ee\" \/>\n<meta property=\"article:publisher\" content=\"https:\/\/www.facebook.com\/neimax\/\" \/>\n<meta property=\"article:modified_time\" content=\"2023-11-21T14:14:36+00:00\" \/>\n<meta property=\"og:image\" content=\"https:\/\/neimax.ba\/wp-content\/uploads\/2023\/10\/Neimax_homepage.jpg\" \/>\n<meta name=\"twitter:card\" content=\"summary_large_image\" \/>\n<meta name=\"twitter:label1\" content=\"Gesch\u00e4tzte Lesezeit\" \/>\n\t<meta name=\"twitter:data1\" content=\"4\u00a0Minuten\" \/>\n<script type=\"application\/ld+json\" class=\"yoast-schema-graph\">{\"@context\":\"https:\/\/schema.org\",\"@graph\":[{\"@type\":\"WebPage\",\"@id\":\"https:\/\/neimax.ba\/\",\"url\":\"https:\/\/neimax.ba\/\",\"name\":\"PO\u010cETNA - NEIMAX d.o.o. - Tvornica valovitog kartona i kartonske ambala\u017ee\",\"isPartOf\":{\"@id\":\"https:\/\/neimax.ba\/#website\"},\"datePublished\":\"2023-09-23T12:01:15+00:00\",\"dateModified\":\"2023-11-21T14:14:36+00:00\",\"description\":\"Neimax d.o.o. Visoko je porodi\u010dna firma, osnovana u aprilu 1991. godine i posluje kao Dru\u0161tvo sa ograni\u010denom odgovorno\u0161\u0107u za unutra\u0161nju i vanjsku trgovinu, proizvodnju i transport i usluge.\",\"breadcrumb\":{\"@id\":\"https:\/\/neimax.ba\/#breadcrumb\"},\"inLanguage\":\"de\",\"potentialAction\":[{\"@type\":\"ReadAction\",\"target\":[\"https:\/\/neimax.ba\/\"]}]},{\"@type\":\"BreadcrumbList\",\"@id\":\"https:\/\/neimax.ba\/#breadcrumb\",\"itemListElement\":[{\"@type\":\"ListItem\",\"position\":1,\"name\":\"Home\",\"item\":\"https:\/\/neimax.ba\/\"},{\"@type\":\"ListItem\",\"position\":2,\"name\":\"PO\u010cETNA\"}]},{\"@type\":\"WebSite\",\"@id\":\"https:\/\/neimax.ba\/#website\",\"url\":\"https:\/\/neimax.ba\/\",\"name\":\"NEIMAX d.o.o. - Tvornica valovitog kartona i kartonske ambala\u017ee\",\"description\":\"Tvornica valovitog kartona i kartonske ambala\u017ee\",\"publisher\":{\"@id\":\"https:\/\/neimax.ba\/#organization\"},\"potentialAction\":[{\"@type\":\"SearchAction\",\"target\":{\"@type\":\"EntryPoint\",\"urlTemplate\":\"https:\/\/neimax.ba\/?s={search_term_string}\"},\"query-input\":\"required name=search_term_string\"}],\"inLanguage\":\"de\"},{\"@type\":\"Organization\",\"@id\":\"https:\/\/neimax.ba\/#organization\",\"name\":\"NEIMAX d.o.o. - Tvornica valovitog kartona i kartonske ambala\u017ee\",\"url\":\"https:\/\/neimax.ba\/\",\"logo\":{\"@type\":\"ImageObject\",\"inLanguage\":\"de\",\"@id\":\"https:\/\/neimax.ba\/#\/schema\/logo\/image\/\",\"url\":\"https:\/\/neimax.ba\/wp-content\/uploads\/2023\/09\/Neimax-logotip_Pozitiv.png\",\"contentUrl\":\"https:\/\/neimax.ba\/wp-content\/uploads\/2023\/09\/Neimax-logotip_Pozitiv.png\",\"width\":167,\"height\":80,\"caption\":\"NEIMAX d.o.o. - Tvornica valovitog kartona i kartonske ambala\u017ee\"},\"image\":{\"@id\":\"https:\/\/neimax.ba\/#\/schema\/logo\/image\/\"},\"sameAs\":[\"https:\/\/www.facebook.com\/neimax\/\",\"https:\/\/www.linkedin.com\/company\/neimax-d-o-o-visoko\/\"]}]}<\/script>\n<!-- \/ Yoast SEO plugin. -->","yoast_head_json":{"title":"PO\u010cETNA - NEIMAX d.o.o. - Tvornica valovitog kartona i kartonske ambala\u017ee","description":"Neimax d.o.o. Visoko je porodi\u010dna firma, osnovana u aprilu 1991. godine i posluje kao Dru\u0161tvo sa ograni\u010denom odgovorno\u0161\u0107u za unutra\u0161nju i vanjsku trgovinu, proizvodnju i transport i usluge.","robots":{"index":"index","follow":"follow","max-snippet":"max-snippet:-1","max-image-preview":"max-image-preview:large","max-video-preview":"max-video-preview:-1"},"canonical":"https:\/\/neimax.ba\/de\/","og_locale":"de_DE","og_type":"article","og_title":"PO\u010cETNA - NEIMAX d.o.o. - Tvornica valovitog kartona i kartonske ambala\u017ee","og_description":"Neimax d.o.o. Visoko je porodi\u010dna firma, osnovana u aprilu 1991. godine i posluje kao Dru\u0161tvo sa ograni\u010denom odgovorno\u0161\u0107u za unutra\u0161nju i vanjsku trgovinu, proizvodnju i transport i usluge.","og_url":"https:\/\/neimax.ba\/de\/","og_site_name":"NEIMAX d.o.o. - Tvornica valovitog kartona i kartonske ambala\u017ee","article_publisher":"https:\/\/www.facebook.com\/neimax\/","article_modified_time":"2023-11-21T14:14:36+00:00","og_image":[{"url":"https:\/\/neimax.ba\/wp-content\/uploads\/2023\/10\/Neimax_homepage.jpg"}],"twitter_card":"summary_large_image","twitter_misc":{"Gesch\u00e4tzte Lesezeit":"4\u00a0Minuten"},"schema":{"@context":"https:\/\/schema.org","@graph":[{"@type":"WebPage","@id":"https:\/\/neimax.ba\/","url":"https:\/\/neimax.ba\/","name":"PO\u010cETNA - NEIMAX d.o.o. - Tvornica valovitog kartona i kartonske ambala\u017ee","isPartOf":{"@id":"https:\/\/neimax.ba\/#website"},"datePublished":"2023-09-23T12:01:15+00:00","dateModified":"2023-11-21T14:14:36+00:00","description":"Neimax d.o.o. Visoko je porodi\u010dna firma, osnovana u aprilu 1991. godine i posluje kao Dru\u0161tvo sa ograni\u010denom odgovorno\u0161\u0107u za unutra\u0161nju i vanjsku trgovinu, proizvodnju i transport i usluge.","breadcrumb":{"@id":"https:\/\/neimax.ba\/#breadcrumb"},"inLanguage":"de","potentialAction":[{"@type":"ReadAction","target":["https:\/\/neimax.ba\/"]}]},{"@type":"BreadcrumbList","@id":"https:\/\/neimax.ba\/#breadcrumb","itemListElement":[{"@type":"ListItem","position":1,"name":"Home","item":"https:\/\/neimax.ba\/"},{"@type":"ListItem","position":2,"name":"PO\u010cETNA"}]},{"@type":"WebSite","@id":"https:\/\/neimax.ba\/#website","url":"https:\/\/neimax.ba\/","name":"NEIMAX d.o.o. - Tvornica valovitog kartona i kartonske ambala\u017ee","description":"Tvornica valovitog kartona i kartonske ambala\u017ee","publisher":{"@id":"https:\/\/neimax.ba\/#organization"},"potentialAction":[{"@type":"SearchAction","target":{"@type":"EntryPoint","urlTemplate":"https:\/\/neimax.ba\/?s={search_term_string}"},"query-input":"required name=search_term_string"}],"inLanguage":"de"},{"@type":"Organization","@id":"https:\/\/neimax.ba\/#organization","name":"NEIMAX d.o.o. - Tvornica valovitog kartona i kartonske ambala\u017ee","url":"https:\/\/neimax.ba\/","logo":{"@type":"ImageObject","inLanguage":"de","@id":"https:\/\/neimax.ba\/#\/schema\/logo\/image\/","url":"https:\/\/neimax.ba\/wp-content\/uploads\/2023\/09\/Neimax-logotip_Pozitiv.png","contentUrl":"https:\/\/neimax.ba\/wp-content\/uploads\/2023\/09\/Neimax-logotip_Pozitiv.png","width":167,"height":80,"caption":"NEIMAX d.o.o. - Tvornica valovitog kartona i kartonske ambala\u017ee"},"image":{"@id":"https:\/\/neimax.ba\/#\/schema\/logo\/image\/"},"sameAs":["https:\/\/www.facebook.com\/neimax\/","https:\/\/www.linkedin.com\/company\/neimax-d-o-o-visoko\/"]}]}},"_links":{"self":[{"href":"https:\/\/neimax.ba\/de\/wp-json\/wp\/v2\/pages\/9","targetHints":{"allow":["GET"]}}],"collection":[{"href":"https:\/\/neimax.ba\/de\/wp-json\/wp\/v2\/pages"}],"about":[{"href":"https:\/\/neimax.ba\/de\/wp-json\/wp\/v2\/types\/page"}],"author":[{"embeddable":true,"href":"https:\/\/neimax.ba\/de\/wp-json\/wp\/v2\/users\/1"}],"replies":[{"embeddable":true,"href":"https:\/\/neimax.ba\/de\/wp-json\/wp\/v2\/comments?post=9"}],"version-history":[{"count":279,"href":"https:\/\/neimax.ba\/de\/wp-json\/wp\/v2\/pages\/9\/revisions"}],"predecessor-version":[{"id":1154,"href":"https:\/\/neimax.ba\/de\/wp-json\/wp\/v2\/pages\/9\/revisions\/1154"}],"wp:attachment":[{"href":"https:\/\/neimax.ba\/de\/wp-json\/wp\/v2\/media?parent=9"}],"curies":[{"name":"wp","href":"https:\/\/api.w.org\/{rel}","templated":true}]}}